{"id":2,"date":"2016-05-10T03:48:21","date_gmt":"2016-05-10T03:48:21","guid":{"rendered":"http:\/\/schuetzenverein-lemp.de\/?page_id=2"},"modified":"2025-12-23T12:57:21","modified_gmt":"2025-12-23T10:57:21","slug":"sample-page","status":"publish","type":"page","link":"https:\/\/schuetzenverein-lemp.de\/","title":{"rendered":""},"content":{"rendered":"<p>Liebe Schie\u00dfsportinteressierte,<\/p>\n<p>auf unserer Homepage finden Sie alle wesentlichen Informationen rund um den Sch\u00fctzenverein &#8222;Lemp&#8220; K\u00f6lschhausen, das Vereinsleben und unsere sportlichen Einrichtungen.<\/p>\n<p>F\u00fcr Fragen rund um den Verein und Vorschl\u00e4ge zum Internetauftritt steht im oberen rechten Bereich ein Kontaktformular zur Verf\u00fcgung.<\/p>\n<p>Wir w\u00fcrden uns freuen, Sie regelm\u00e4\u00dfig auf unserer Seite begr\u00fc\u00dfen zu d\u00fcrfen.<\/p>\n<hr \/>\n<p><strong>Am 30. Januar 2026 findet die Jahreshauptversammlung f\u00fcr das Gesch\u00e4ftsjahr 2025: <a href=\"https:\/\/schuetzenverein-lemp.de\/wp-content\/uploads\/2025\/12\/Jahreshauptversammlung_2024_Einladung.pdf\">Einladung zur Jahreshauptversammlung 2025<\/a><\/strong><\/p>\n<hr \/>\n<p><strong>Gesamt\u00fcberblick \u00fcber alle Vereinsaktivit\u00e4ten:<\/strong><\/p>\n<p><iframe loading=\"lazy\" style=\"border: 1px solid #777777;\" src=\"https:\/\/calendar.google.com\/calendar\/embed?height=600&amp;wkst=1&amp;bgcolor=%23ffffff&amp;ctz=Europe%2FBrussels&amp;src=bWdxbDlpazllMTVsZWVsZ2thMDA5ZXVqbThAZ3JvdXAuY2FsZW5kYXIuZ29vZ2xlLmNvbQ&amp;color=%23EF6C00\" width=\"800\" height=\"600\" frameborder=\"0\" scrolling=\"no\"><\/iframe><\/p>\n","protected":false},"excerpt":{"rendered":"<p>Liebe Schie\u00dfsportinteressierte, auf unserer Homepage finden Sie alle wesentlichen Informationen rund um den Sch\u00fctzenverein &#8222;Lemp&#8220; K\u00f6lschhausen, das Vereinsleben und unsere sportlichen Einrichtungen. F\u00fcr Fragen rund um den Verein und Vorschl\u00e4ge zum Internetauftritt steht im oberen rechten Bereich ein Kontaktformular zur Verf\u00fcgung. Wir w\u00fcrden uns freuen, Sie regelm\u00e4\u00dfig auf unserer Seite begr\u00fc\u00dfen zu d\u00fcrfen. Am 30. &hellip; <a href=\"https:\/\/schuetzenverein-lemp.de\/\" class=\"more-link\"><span class=\"screen-reader-text\">&#8222;&#8220; <\/span>weiterlesen<\/a><\/p>\n","protected":false},"author":1,"featured_media":0,"parent":0,"menu_order":0,"comment_status":"closed","ping_status":"open","template":"","meta":{"footnotes":""},"class_list":["post-2","page","type-page","status-publish","hentry"],"_links":{"self":[{"href":"https:\/\/schuetzenverein-lemp.de\/index.php?rest_route=\/wp\/v2\/pages\/2","targetHints":{"allow":["GET"]}}],"collection":[{"href":"https:\/\/schuetzenverein-lemp.de\/index.php?rest_route=\/wp\/v2\/pages"}],"about":[{"href":"https:\/\/schuetzenverein-lemp.de\/index.php?rest_route=\/wp\/v2\/types\/page"}],"author":[{"embeddable":true,"href":"https:\/\/schuetzenverein-lemp.de\/index.php?rest_route=\/wp\/v2\/users\/1"}],"replies":[{"embeddable":true,"href":"https:\/\/schuetzenverein-lemp.de\/index.php?rest_route=%2Fwp%2Fv2%2Fcomments&post=2"}],"version-history":[{"count":98,"href":"https:\/\/schuetzenverein-lemp.de\/index.php?rest_route=\/wp\/v2\/pages\/2\/revisions"}],"predecessor-version":[{"id":2430,"href":"https:\/\/schuetzenverein-lemp.de\/index.php?rest_route=\/wp\/v2\/pages\/2\/revisions\/2430"}],"wp:attachment":[{"href":"https:\/\/schuetzenverein-lemp.de\/index.php?rest_route=%2Fwp%2Fv2%2Fmedia&parent=2"}],"curies":[{"name":"wp","href":"https:\/\/api.w.org\/{rel}","templated":true}]}}