{"id":56,"date":"2017-07-25T10:06:05","date_gmt":"2017-07-25T10:06:05","guid":{"rendered":"http:\/\/schuetzenverein-lemp.de\/?page_id=56"},"modified":"2024-02-09T11:33:16","modified_gmt":"2024-02-09T09:33:16","slug":"impressum","status":"publish","type":"page","link":"https:\/\/schuetzenverein-lemp.de\/?page_id=56","title":{"rendered":"Impressum"},"content":{"rendered":"<p>Sch\u00fctzenverein &#8222;Lemp&#8220; K\u00f6lschhausen e.V.<br \/>\nMitglied im \u201c Hessischen Sch\u00fctzenverband \u201c und \u201c Landessportbund Hessen eV \u201c<\/p>\n<h5>Angaben gem\u00e4\u00df \u00a7 5 TMG:<\/h5>\n<p>Sch\u00fctzenverein &#8222;Lemp&#8220; K\u00f6lschhausen e.V.<br \/>\nAuf der H\u00f6he 7<br \/>\n35630 Ehringshausen<\/p>\n<h5>Vertreten durch:<\/h5>\n<p>Jenny Reinhardt-Keller (Vorsitzende)<\/p>\n<h5>Kontakt:<\/h5>\n<p>E-Mail: info@schuetzenverein-lemp.de<\/p>\n<p><a href=\"http:\/\/schuetzenverein-lemp.de\/wp-content\/uploads\/2017\/07\/satzung2017.pdf\" target=\"_blank\" rel=\"noopener noreferrer\">Download der Satzung<\/a><\/p>\n<p><a href=\"https:\/\/schuetzenverein-lemp.de\/wp-content\/uploads\/2020\/08\/Aufnahmeantrag.pdf\" target=\"_blank\" rel=\"noopener noreferrer\">Download Aufnahmeantrag<\/a><\/p>\n<h5>Registereintrag:<\/h5>\n<p>Eintragung im Vereinsregister.<br \/>\nRegistergericht: Amtsgericht Wetzlar<br \/>\nRegisternummer: 710<\/p>\n<h5>Haftung f\u00fcr Inhalte<\/h5>\n<p>Als Diensteanbieter sind wir gem\u00e4\u00df \u00a7 7 Abs.1 TMG f\u00fcr eigene Inhalte auf diesen Seiten nach den allgemeinen Gesetzen verantwortlich. Nach \u00a7\u00a7 8 bis 10 TMG sind wir als Diensteanbieter jedoch nicht verpflichtet, \u00fcbermittelte oder gespeicherte fremde Informationen zu \u00fcberwachen oder nach Umst\u00e4nden zu forschen, die auf eine rechtswidrige T\u00e4tigkeit hinweisen.<\/p>\n<p>Verpflichtungen zur Entfernung oder Sperrung der Nutzung von Informationen nach den allgemeinen Gesetzen bleiben hiervon unber\u00fchrt. Eine diesbez\u00fcgliche Haftung ist jedoch erst ab dem Zeitpunkt der Kenntnis einer konkreten Rechtsverletzung m\u00f6glich. Bei Bekanntwerden von entsprechenden Rechtsverletzungen werden wir diese Inhalte umgehend entfernen.<\/p>\n<p>Alle auf der Internetpr\u00e4senz eingestellten Bilder, die u.a. auch Personen zeigen, sind auf Vereinsveranstaltungen entstanden. Daher wird unterstellt, dass die Einwilligung der abgebildeten Personen zur Erstellung und Ver\u00f6ffentlichung der Fotos vorliegen und hier keine Pers\u00f6nlichkeitsrechte verletzt werden. Sollte sich dennoch jemand in seinen Pers\u00f6nlichkeitsrechten verletzt f\u00fchlen, bitten wir umgehend um Kontaktaufnahme. Wir werden selbstverst\u00e4ndlich unmittelbar das betroffene Foto von der Homepage des Sch\u00fctzenvereins entfernen.<\/p>\n<h5>Haftung f\u00fcr Links<\/h5>\n<p>Unser Angebot enth\u00e4lt Links zu externen Websites Dritter, auf deren Inhalte wir keinen Einfluss haben. Deshalb k\u00f6nnen wir f\u00fcr diese fremden Inhalte auch keine Gew\u00e4hr \u00fcbernehmen. F\u00fcr die Inhalte der verlinkten Seiten ist stets der jeweilige Anbieter oder Betreiber der Seiten verantwortlich. Die verlinkten Seiten wurden zum Zeitpunkt der Verlinkung auf m\u00f6gliche Rechtsverst\u00f6\u00dfe \u00fcberpr\u00fcft. Rechtswidrige Inhalte waren zum Zeitpunkt der Verlinkung nicht erkennbar.<\/p>\n<p>Eine permanente inhaltliche Kontrolle der verlinkten Seiten ist jedoch ohne konkrete Anhaltspunkte einer Rechtsverletzung nicht zumutbar. Bei Bekanntwerden von Rechtsverletzungen werden wir derartige Links umgehend entfernen.<\/p>\n<h5>Urheberrecht<\/h5>\n<p>Die durch die Seitenbetreiber erstellten Inhalte und Werke auf diesen Seiten unterliegen dem deutschen Urheberrecht. Die Vervielf\u00e4ltigung, Bearbeitung, Verbreitung und jede Art der Verwertung au\u00dferhalb der Grenzen des Urheberrechtes bed\u00fcrfen der schriftlichen Zustimmung des jeweiligen Autors bzw. Erstellers. Downloads und Kopien dieser Seite sind nur f\u00fcr den privaten, nicht kommerziellen Gebrauch gestattet.<\/p>\n<p>Soweit die Inhalte auf dieser Seite nicht vom Betreiber erstellt wurden, werden die Urheberrechte Dritter beachtet. Insbesondere werden Inhalte Dritter als solche gekennzeichnet. Sollten Sie trotzdem auf eine Urheberrechtsverletzung aufmerksam werden, bitten wir um einen entsprechenden Hinweis. Bei Bekanntwerden von Rechtsverletzungen werden wir derartige Inhalte umgehend entfernen.<\/p>\n<p>Alle auf der Internetpr\u00e4senz eingestellten Bilder, die u.a. auch Personen zeigen, sind auf Vereinsveranstaltungen entstanden. Daher wird unterstellt, dass die Einwilligung der abgebildeten Personen zur Erstellung und Ver\u00f6ffentlichung der Fotos vorliegen und hier keine Pers\u00f6nlichkeitsrechte verletzt werden. Sollte sich dennoch jemand in seinen Pers\u00f6nlichkeitsrechten verletzt f\u00fchlen, bitten wir umgehend um Kontaktaufnahme. Wir werden selbstverst\u00e4ndlich unmittelbar das betroffene Foto von der Homepage des Sch\u00fctzenvereins entfernen.<\/p>\n<p>Quelle: <a href=\"https:\/\/www.e- recht24.de\">https:\/\/www.e-recht24.de<\/a><\/p>\n","protected":false},"excerpt":{"rendered":"<p>Sch\u00fctzenverein &#8222;Lemp&#8220; K\u00f6lschhausen e.V. Mitglied im \u201c Hessischen Sch\u00fctzenverband \u201c und \u201c Landessportbund Hessen eV \u201c Angaben gem\u00e4\u00df \u00a7 5 TMG: Sch\u00fctzenverein &#8222;Lemp&#8220; K\u00f6lschhausen e.V. Auf der H\u00f6he 7 35630 Ehringshausen Vertreten durch: Jenny Reinhardt-Keller (Vorsitzende) Kontakt: E-Mail: info@schuetzenverein-lemp.de Download der Satzung Download Aufnahmeantrag Registereintrag: Eintragung im Vereinsregister. Registergericht: Amtsgericht Wetzlar Registernummer: 710 Haftung f\u00fcr &hellip; <a href=\"https:\/\/schuetzenverein-lemp.de\/?page_id=56\" class=\"more-link\"><span class=\"screen-reader-text\">&#8222;Impressum&#8220; <\/span>weiterlesen<\/a><\/p>\n","protected":false},"author":1,"featured_media":0,"parent":0,"menu_order":0,"comment_status":"closed","ping_status":"closed","template":"","meta":{"footnotes":""},"class_list":["post-56","page","type-page","status-publish","hentry"],"_links":{"self":[{"href":"https:\/\/schuetzenverein-lemp.de\/index.php?rest_route=\/wp\/v2\/pages\/56","targetHints":{"allow":["GET"]}}],"collection":[{"href":"https:\/\/schuetzenverein-lemp.de\/index.php?rest_route=\/wp\/v2\/pages"}],"about":[{"href":"https:\/\/schuetzenverein-lemp.de\/index.php?rest_route=\/wp\/v2\/types\/page"}],"author":[{"embeddable":true,"href":"https:\/\/schuetzenverein-lemp.de\/index.php?rest_route=\/wp\/v2\/users\/1"}],"replies":[{"embeddable":true,"href":"https:\/\/schuetzenverein-lemp.de\/index.php?rest_route=%2Fwp%2Fv2%2Fcomments&post=56"}],"version-history":[{"count":21,"href":"https:\/\/schuetzenverein-lemp.de\/index.php?rest_route=\/wp\/v2\/pages\/56\/revisions"}],"predecessor-version":[{"id":2417,"href":"https:\/\/schuetzenverein-lemp.de\/index.php?rest_route=\/wp\/v2\/pages\/56\/revisions\/2417"}],"wp:attachment":[{"href":"https:\/\/schuetzenverein-lemp.de\/index.php?rest_route=%2Fwp%2Fv2%2Fmedia&parent=56"}],"curies":[{"name":"wp","href":"https:\/\/api.w.org\/{rel}","templated":true}]}}